{"id":4349,"date":"2024-11-03T16:24:33","date_gmt":"2024-11-03T16:24:33","guid":{"rendered":"https:\/\/dubaikv.ee\/careers\/"},"modified":"2026-04-09T07:47:59","modified_gmt":"2026-04-09T07:47:59","slug":"careers","status":"publish","type":"page","link":"https:\/\/dubaikv.ee\/et\/careers\/","title":{"rendered":"Karj\u00e4\u00e4riv\u00f5imalused"},"content":{"rendered":"<section class=\"l-section wpb_row height_medium\"><div class=\"l-section-h i-cf\"><div class=\"g-cols vc_row via_flex valign_top type_default stacking_default\"><div class=\"vc_col-sm-12 wpb_column vc_column_container\"><div class=\"vc_column-inner\"><div class=\"wpb_wrapper\"><div class=\"g-cols wpb_row via_flex valign_top type_default stacking_default\" style=\"--additional-gap:24px;\"><div class=\"vc_col-sm-6 wpb_column vc_column_container has_bg_color\"><div class=\"vc_column-inner us_custom_a92f184a\"><div class=\"wpb_wrapper\"><\/div><\/div><\/div><div class=\"vc_col-sm-6 wpb_column vc_column_container\"><div class=\"vc_column-inner us_custom_d3f864b1\"><div class=\"wpb_wrapper\">[vc_custom_heading text=&#8221;Liitu meie kinnisvaraspetsialistide meeskonnaga&#8221; font_container=&#8221;tag:h1|text_align:left&#8221; use_theme_fonts=&#8221;yes&#8221;]<div class=\"wpb_text_column\"><div class=\"wpb_wrapper\"><p>Kas olete valmis viima oma karj\u00e4\u00e4ri j\u00e4rgmisele tasemele d\u00fcnaamilises ja kiiresti kasvavas ettev\u00f5ttes? V\u00f5tame t\u00f6\u00f6le andekaid ja innukaid agente, kes aitavad meil oma \u00e4ri laiendada ja j\u00f5uda uutesse k\u00f5rgustesse. <strong>DubaiKVs<\/strong> pakume v\u00f5imalust luua rahuldust pakkuv karj\u00e4\u00e4r kinnisvara valdkonnas, piiramatu teenimisv\u00f5imalusega ja v\u00f5imalusega t\u00f6\u00f6tada koos edule p\u00fchendunud professionaalide meeskonnaga. Olenemata sellest, kas olete alles alustav v\u00f5i aastatepikkuse kogemusega, ootame agente, kes soovivad koos meiega kasvada ja saavutada suurust.<\/p>\n<\/div><\/div><\/div><\/div><\/div><\/div><div class=\"w-separator size_huge\"><\/div><div class=\"g-cols wpb_row us_custom_f4c1a32c via_flex valign_top type_default stacking_default\"><div class=\"vc_col-sm-6 wpb_column vc_column_container\"><div class=\"vc_column-inner us_custom_73c9dc32\"><div class=\"wpb_wrapper\">[vc_custom_heading text=&#8221;Kuidas taotleda&#8221; use_theme_fonts=&#8221;yes&#8221;]<div class=\"wpb_text_column\"><div class=\"wpb_wrapper\"><p>Kui oled kinnisvara suhtes kirglik ja valmis liituma meie energilise meeskonnaga, siis ootame Sind! Lihtsalt t\u00e4itke see vorm ja laadige \u00fcles oma CV. <\/p>\n<p><strong>Siin on kirjas, mida tuleb taotluse esitamisel arvesse v\u00f5tta:<\/strong><\/p>\n<ul>\n<li><span style=\"font-weight: 400\">Asjakohane kogemus kinnisvara- v\u00f5i m\u00fc\u00fcgivaldkonnas<\/span><\/li>\n<li><span style=\"font-weight: 400\">Inglise keele k\u00f5rgtase<\/span><\/li>\n<li><span style=\"font-weight: 400\">Tugev suhtlemisoskus ja \u00f5pihimu<\/span><\/li>\n<li><span style=\"font-weight: 400\">Positiivne suhtumine ja valmisolek varrukad \u00fcles k\u00e4\u00e4rida<\/span><\/li>\n<\/ul>\n<p><span style=\"font-weight: 400\">Nende punktide t\u00e4itmine annab teie taotlusele hoogu juurde!<\/span><\/p>\n<\/div><\/div><div class=\"w-separator size_small\"><\/div>[vc_custom_heading text=&#8221;Alusta oma teekonda p\u00f5neva, piirideta karj\u00e4\u00e4ri suunas kinnisvara valdkonnas juba t\u00e4na!&#8221; font_container=&#8221;tag:h5|text_align:left&#8221; use_theme_fonts=&#8221;yes&#8221; css=&#8221;%7B%22default%22%3A%7B%22color%22%3A%22_header_middle_text_hover%22%7D%7D&#8221;]<\/div><\/div><\/div><div class=\"vc_col-sm-6 wpb_column vc_column_container\"><div class=\"vc_column-inner\"><div class=\"wpb_wrapper\">\n<div class=\"wpcf7 no-js\" id=\"wpcf7-f4347-o1\" lang=\"et\" dir=\"ltr\" data-wpcf7-id=\"4347\">\n<div class=\"screen-reader-response\"><p role=\"status\" aria-live=\"polite\" aria-atomic=\"true\"><\/p> <ul><\/ul><\/div>\n<form action=\"\/et\/wp-json\/wp\/v2\/pages\/4349#wpcf7-f4347-o1\" method=\"post\" class=\"wpcf7-form init\" aria-label=\"Contact form\" enctype=\"multipart\/form-data\" novalidate=\"novalidate\" data-status=\"init\">\n<fieldset class=\"hidden-fields-container\"><input type=\"hidden\" name=\"_wpcf7\" value=\"4347\" \/><input type=\"hidden\" name=\"_wpcf7_version\" value=\"6.1.5\" \/><input type=\"hidden\" name=\"_wpcf7_locale\" value=\"et\" \/><input type=\"hidden\" name=\"_wpcf7_unit_tag\" value=\"wpcf7-f4347-o1\" \/><input type=\"hidden\" name=\"_wpcf7_container_post\" value=\"0\" \/><input type=\"hidden\" name=\"_wpcf7_posted_data_hash\" value=\"\" \/><input type=\"hidden\" name=\"_wpcf7_recaptcha_response\" value=\"\" \/>\n<\/fieldset>\n<p><span class=\"wpcf7-form-control-wrap\" data-name=\"Yourname\"><input size=\"40\" maxlength=\"400\" class=\"wpcf7-form-control wpcf7-text wpcf7-validates-as-required\" aria-required=\"true\" aria-invalid=\"false\" placeholder=\"Teie nimi\" value=\"\" type=\"text\" name=\"Yourname\" \/><\/span>\n<\/p>\n<p><span class=\"wpcf7-form-control-wrap\" data-name=\"email-915\"><input size=\"40\" maxlength=\"400\" class=\"wpcf7-form-control wpcf7-email wpcf7-validates-as-required wpcf7-text wpcf7-validates-as-email\" aria-required=\"true\" aria-invalid=\"false\" placeholder=\"Teie e-posti aadress\" value=\"\" type=\"email\" name=\"email-915\" \/><\/span>\n<\/p>\n<p><span class=\"wpcf7-form-control-wrap\" data-name=\"tel-786\"><input size=\"40\" maxlength=\"400\" class=\"wpcf7-form-control wpcf7-tel wpcf7-text wpcf7-validates-as-tel\" aria-invalid=\"false\" placeholder=\"Telefoninumber (vabatahtlik)\" value=\"\" type=\"tel\" name=\"tel-786\" \/><\/span><br \/>\n<label>Laadige oma CV \u00fcles<br \/>\n<span class=\"wpcf7-form-control-wrap\" data-name=\"file-939\"><input size=\"40\" class=\"wpcf7-form-control wpcf7-file wpcf7-validates-as-required\" accept=\".pdf,.jpg,.png,.doc\" aria-required=\"true\" aria-invalid=\"false\" type=\"file\" name=\"file-939\" \/><\/span><\/label><label><br \/>\n<span class=\"wpcf7-form-control-wrap\" data-name=\"textarea-361\"><textarea cols=\"40\" rows=\"10\" maxlength=\"2000\" class=\"wpcf7-form-control wpcf7-textarea wpcf7-validates-as-required\" aria-required=\"true\" aria-invalid=\"false\" placeholder=\"Teie s\u00f5num siin\" name=\"textarea-361\"><\/textarea><\/span><br \/>\n<input class=\"wpcf7-form-control wpcf7-submit has-spinner\" type=\"submit\" value=\"Rakenda\" \/><\/label>\n<\/p><div class=\"wpcf7-response-output\" aria-hidden=\"true\"><\/div>\n<\/form>\n<\/div>\n<\/div><\/div><\/div><\/div><\/div><\/div><\/div><\/div><\/div><\/section>\n","protected":false},"excerpt":{"rendered":"[vc_custom_heading text=\"Liitu meie kinnisvaraspetsialistide meeskonnaga\" font_container=\"tag:h1|text_align:left\" use_theme_fonts=\"yes\"]Kas olete valmis viima oma karj\u00e4\u00e4ri j\u00e4rgmisele tasemele d\u00fcnaamilises ja kiiresti kasvavas ettev\u00f5ttes? V\u00f5tame t\u00f6\u00f6le andekaid ja innukaid agente, kes aitavad meil oma \u00e4ri laiendada ja j\u00f5uda uutesse k\u00f5rgustesse. DubaiKVs pakume v\u00f5imalust luua rahuldust pakkuv karj\u00e4\u00e4r kinnisvara valdkonnas, piiramatu teenimisv\u00f5imalusega ja v\u00f5imalusega t\u00f6\u00f6tada koos edule p\u00fchendunud professionaalide meeskonnaga. Olenemata...","protected":false},"author":1,"featured_media":0,"parent":0,"menu_order":0,"comment_status":"closed","ping_status":"closed","template":"","meta":{"_acf_changed":false,"footnotes":""},"class_list":["post-4349","page","type-page","status-publish","hentry"],"acf":[],"_links":{"self":[{"href":"https:\/\/dubaikv.ee\/et\/wp-json\/wp\/v2\/pages\/4349","targetHints":{"allow":["GET"]}}],"collection":[{"href":"https:\/\/dubaikv.ee\/et\/wp-json\/wp\/v2\/pages"}],"about":[{"href":"https:\/\/dubaikv.ee\/et\/wp-json\/wp\/v2\/types\/page"}],"author":[{"embeddable":true,"href":"https:\/\/dubaikv.ee\/et\/wp-json\/wp\/v2\/users\/1"}],"replies":[{"embeddable":true,"href":"https:\/\/dubaikv.ee\/et\/wp-json\/wp\/v2\/comments?post=4349"}],"version-history":[{"count":5,"href":"https:\/\/dubaikv.ee\/et\/wp-json\/wp\/v2\/pages\/4349\/revisions"}],"predecessor-version":[{"id":10474,"href":"https:\/\/dubaikv.ee\/et\/wp-json\/wp\/v2\/pages\/4349\/revisions\/10474"}],"wp:attachment":[{"href":"https:\/\/dubaikv.ee\/et\/wp-json\/wp\/v2\/media?parent=4349"}],"curies":[{"name":"wp","href":"https:\/\/api.w.org\/{rel}","templated":true}]}}