{"id":3582,"date":"2024-08-28T17:40:39","date_gmt":"2024-08-28T17:40:39","guid":{"rendered":"https:\/\/dubaikv.ee\/contacts\/"},"modified":"2026-04-30T11:31:35","modified_gmt":"2026-04-30T11:31:35","slug":"contacts","status":"publish","type":"page","link":"https:\/\/dubaikv.ee\/et\/contacts\/","title":{"rendered":"Kontaktid"},"content":{"rendered":"<section class=\"l-section wpb_row height_medium\"><div class=\"l-section-h i-cf\"><div class=\"g-cols vc_row via_flex valign_top type_default stacking_default\"><div class=\"vc_col-sm-12 wpb_column vc_column_container\"><div class=\"vc_column-inner\"><div class=\"wpb_wrapper\"><div class=\"g-cols wpb_row via_flex valign_top type_default stacking_default\" style=\"--additional-gap:16px;\"><div class=\"vc_col-sm-6 wpb_column vc_column_container has_bg_color\"><div class=\"vc_column-inner us_custom_daa17ac2\"><div class=\"wpb_wrapper\">[vc_custom_heading text=&#8221;V\u00f5tke meiega \u00fchendust&#8221; font_container=&#8221;tag:h1|text_align:left&#8221; use_theme_fonts=&#8221;yes&#8221;]<div class=\"wpb_text_column\"><div class=\"wpb_wrapper\"><p><span data-metadata=\"&lt;encoded_tag_open \/&gt;!--(figmeta)eyJmaWxlS2V5IjoiTlJIN2JCMU5HcnRrTURIMmtvVTNsNSIsInBhc3RlSUQiOjk4NTYwMDc5NywiZGF0YVR5cGUiOiJzY2VuZSJ9Cg==(\/figmeta)--&lt;encoded_tag_closed \/&gt;\" style=\"color: #000000;font-style: normal;font-weight: 400;letter-spacing: normal;text-align: start;text-indent: 0px;text-transform: none;white-space: normal;text-decoration: none\"><\/span><span>V\u00f5tke meiega \u00fchendust telefoni, e-posti v\u00f5i veebip\u00f5hise kontakti kaudu, meie meeskond on valmis teid abistama.<\/span><\/p>\n<p><span>Hyron Consulting O\u00dc  <\/span><span>Reg.<br \/>\nnr 16758070 <\/span><\/p>\n<\/div><\/div><div class=\"w-separator size_custom\" style=\"height:40px\"><\/div><div class=\"w-iconbox iconpos_left style_default color_primary align_left\"><div class=\"w-iconbox-icon\" style=\"font-size:2rem;\"><i class=\"fas fa-phone\"><\/i><\/div><div class=\"w-iconbox-meta\"><p class=\"w-iconbox-title\" style=\"font-size:11px;\">For assistance in English, contact us on<\/p><div class=\"w-iconbox-text\"><h6><a href=\"https:\/\/wa.me\/971568226086\" target=\"_blank\" rel=\"noopener\">(+971) 568 226 086<\/a><\/h6>\n<\/div><\/div><\/div><div class=\"w-separator size_custom\" style=\"height:40px\"><\/div><div class=\"w-iconbox iconpos_left style_default color_primary align_left\"><div class=\"w-iconbox-icon\" style=\"font-size:2rem;\"><i class=\"fas fa-phone\"><\/i><\/div><div class=\"w-iconbox-meta\"><p class=\"w-iconbox-title\" style=\"font-size:11px;\">For assistance in Estonian, contact us on<\/p><div class=\"w-iconbox-text\"><h6><a href=\"https:\/\/wa.me\/37256103242\" target=\"_blank\" rel=\"noopener\">(+372) 5610 3242<\/a><\/h6>\n<\/div><\/div><\/div><div class=\"w-separator size_custom\" style=\"height:40px\"><\/div><div class=\"w-iconbox iconpos_left style_default color_primary align_left\"><div class=\"w-iconbox-icon\" style=\"font-size:2rem;\"><i class=\"fas fa-phone\"><\/i><\/div><div class=\"w-iconbox-meta\"><p class=\"w-iconbox-title\" style=\"font-size:11px;\">For assistance in Russian, contact us on<\/p><div class=\"w-iconbox-text\"><h6><a href=\"https:\/\/wa.me\/3725138108\" target=\"_blank\" rel=\"noopener\">(+372) 5138 108<\/a><\/h6>\n<\/div><\/div><\/div><div class=\"w-separator size_custom\" style=\"height:24px\"><\/div><div class=\"w-iconbox iconpos_left style_default color_primary align_left\"><div class=\"w-iconbox-icon\" style=\"font-size:2rem;\"><i class=\"fas fa-at\"><\/i><\/div><div class=\"w-iconbox-meta\"><p class=\"w-iconbox-title\" style=\"font-size:11px;\">Saada meile e-kiri<\/p><div class=\"w-iconbox-text\"><h6><a href=\"mailto:info@dubaikv.ee\" target=\"_blank\" rel=\"noopener\"><a href=\"mailto:info@dubaikv.ee\">info@dubaikv.ee<\/a><\/a><\/h6>\n<\/div><\/div><\/div><\/div><\/div><\/div><div class=\"vc_col-sm-6 wpb_column vc_column_container has_bg_color\"><div class=\"vc_column-inner us_custom_daa17ac2\"><div class=\"wpb_wrapper\">[vc_custom_heading text=&#8221;Saada meile s\u00f5num&#8221; use_theme_fonts=&#8221;yes&#8221;]\n<div class=\"wpcf7 no-js\" id=\"wpcf7-f3770-o1\" lang=\"et\" dir=\"ltr\" data-wpcf7-id=\"3770\">\n<div class=\"screen-reader-response\"><p role=\"status\" aria-live=\"polite\" aria-atomic=\"true\"><\/p> <ul><\/ul><\/div>\n<form action=\"\/et\/wp-json\/wp\/v2\/pages\/3582#wpcf7-f3770-o1\" method=\"post\" class=\"wpcf7-form init\" aria-label=\"Contact form\" novalidate=\"novalidate\" data-status=\"init\">\n<fieldset class=\"hidden-fields-container\"><input type=\"hidden\" name=\"_wpcf7\" value=\"3770\" \/><input type=\"hidden\" name=\"_wpcf7_version\" value=\"6.1.5\" \/><input type=\"hidden\" name=\"_wpcf7_locale\" value=\"et\" \/><input type=\"hidden\" name=\"_wpcf7_unit_tag\" value=\"wpcf7-f3770-o1\" \/><input type=\"hidden\" name=\"_wpcf7_container_post\" value=\"0\" \/><input type=\"hidden\" name=\"_wpcf7_posted_data_hash\" value=\"\" \/><input type=\"hidden\" name=\"_wpcf7_recaptcha_response\" value=\"\" \/>\n<\/fieldset>\n<p><span class=\"wpcf7-form-control-wrap\" data-name=\"Yourname\"><input size=\"40\" maxlength=\"400\" class=\"wpcf7-form-control wpcf7-text wpcf7-validates-as-required\" aria-required=\"true\" aria-invalid=\"false\" placeholder=\"Teie nimi\" value=\"\" type=\"text\" name=\"Yourname\" \/><\/span>\n<\/p>\n<p><span class=\"wpcf7-form-control-wrap\" data-name=\"email-915\"><input size=\"40\" maxlength=\"400\" class=\"wpcf7-form-control wpcf7-email wpcf7-validates-as-required wpcf7-text wpcf7-validates-as-email\" aria-required=\"true\" aria-invalid=\"false\" placeholder=\"Teie e-posti aadress\" value=\"\" type=\"email\" name=\"email-915\" \/><\/span>\n<\/p>\n<p><span class=\"wpcf7-form-control-wrap\" data-name=\"tel-786\"><input size=\"40\" maxlength=\"400\" class=\"wpcf7-form-control wpcf7-tel wpcf7-text wpcf7-validates-as-tel\" aria-invalid=\"false\" placeholder=\"Telefoninumber (vabatahtlik)\" value=\"\" type=\"tel\" name=\"tel-786\" \/><\/span>\n<\/p>\n<p><span class=\"wpcf7-form-control-wrap\" data-name=\"textarea-361\"><textarea cols=\"40\" rows=\"10\" maxlength=\"2000\" class=\"wpcf7-form-control wpcf7-textarea wpcf7-validates-as-required\" aria-required=\"true\" aria-invalid=\"false\" placeholder=\"Teie s\u00f5num siin\" name=\"textarea-361\"><\/textarea><\/span>\n<\/p>\n<p><input class=\"wpcf7-form-control wpcf7-submit has-spinner\" type=\"submit\" value=\"Saada s\u00f5num\" \/>\n<\/p><div class=\"wpcf7-response-output\" aria-hidden=\"true\"><\/div>\n<\/form>\n<\/div>\n<\/div><\/div><\/div><\/div><div class=\"w-separator size_custom\" style=\"height:40px\"><\/div><\/div><\/div><\/div><\/div><\/div><\/section>\n","protected":false},"excerpt":{"rendered":"[vc_custom_heading text=\"V\u00f5tke meiega \u00fchendust\" font_container=\"tag:h1|text_align:left\" use_theme_fonts=\"yes\"]V\u00f5tke meiega \u00fchendust telefoni, e-posti v\u00f5i veebip\u00f5hise kontakti kaudu, meie meeskond on valmis teid abistama. Hyron Consulting O\u00dc Reg. nr 16758070 For assistance in English, contact us on(+971) 568 226 086 For assistance in Estonian, contact us on(+372) 5610 3242 For assistance in Russian, contact us on(+372) 5138 108 Saada...","protected":false},"author":1,"featured_media":0,"parent":0,"menu_order":0,"comment_status":"closed","ping_status":"closed","template":"","meta":{"_acf_changed":false,"footnotes":""},"class_list":["post-3582","page","type-page","status-publish","hentry"],"acf":[],"_links":{"self":[{"href":"https:\/\/dubaikv.ee\/et\/wp-json\/wp\/v2\/pages\/3582","targetHints":{"allow":["GET"]}}],"collection":[{"href":"https:\/\/dubaikv.ee\/et\/wp-json\/wp\/v2\/pages"}],"about":[{"href":"https:\/\/dubaikv.ee\/et\/wp-json\/wp\/v2\/types\/page"}],"author":[{"embeddable":true,"href":"https:\/\/dubaikv.ee\/et\/wp-json\/wp\/v2\/users\/1"}],"replies":[{"embeddable":true,"href":"https:\/\/dubaikv.ee\/et\/wp-json\/wp\/v2\/comments?post=3582"}],"version-history":[{"count":5,"href":"https:\/\/dubaikv.ee\/et\/wp-json\/wp\/v2\/pages\/3582\/revisions"}],"predecessor-version":[{"id":10546,"href":"https:\/\/dubaikv.ee\/et\/wp-json\/wp\/v2\/pages\/3582\/revisions\/10546"}],"wp:attachment":[{"href":"https:\/\/dubaikv.ee\/et\/wp-json\/wp\/v2\/media?parent=3582"}],"curies":[{"name":"wp","href":"https:\/\/api.w.org\/{rel}","templated":true}]}}